{"id":2564,"date":"2022-06-09T12:09:02","date_gmt":"2022-06-09T11:09:02","guid":{"rendered":"https:\/\/elasstempelblume.de\/?page_id=2564"},"modified":"2025-08-23T07:32:21","modified_gmt":"2025-08-23T06:32:21","slug":"flohmarkt","status":"publish","type":"page","link":"https:\/\/elasstempelblume.de\/index.php\/flohmarkt\/","title":{"rendered":"Flohmarkt"},"content":{"rendered":"<p style=\"text-align: center;\">Zurzeit keine Produkte in meinem Flohmarkt.<\/p>\n<p style=\"text-align: center;\">Hall\u00f6chen und mal schnell eine Erkl\u00e4rung, wie das hier funktioniert.<\/p>\n<p style=\"text-align: center;\">Aktualisierung: Einige auf dem Bild oben schon weg :0).<\/p>\n<p style=\"text-align: center;\">Da ich immer mal wieder platz brauche, verkaufe ich ab und zu mal einige Sch\u00e4tze. Sonst wird es mir zu viel und ich besitze nur ein kleines Zimmer.<\/p>\n<p style=\"text-align: center;\">Versende nur in Deutschland. Meistens \u00fcbernehme ich die Versandkosten, solltest du in meiner N\u00e4he wohnen, ziehe ich die Versandkosten nat\u00fcrlich ab. Beispiel&#8230;es kostet 45\u20ac und du holst es ab, dann zahlst du 41\u20ac. Nur mal so&#8230;.das du Bescheid weisst. Lege oder gebe dir immer eine Quittung dazu.<\/p>\n<p style=\"text-align: center;\">Dann lege ich mal los und wer zu erst kommt, bekommt den zuschlag ;0).<\/p>\n<p style=\"text-align: center;\">Gebraucht was ja verst\u00e4ndlich ist, muss euch ja was mit zeigen &#8230;grins. Nr. 1<\/p>\n<p>&nbsp;<\/p>\n<p style=\"text-align: center;\">\n<p style=\"text-align: center;\">\n<p style=\"text-align: center;\">Hier ist nur einmal der Text abgestempelt wurden. &#8222;So gut wie neu &#8220; Nr. 2<\/p>\n<p style=\"text-align: center;\">\n<p style=\"text-align: center;\">\n<p style=\"text-align: center;\">Du siehst hier das ich garnichts zum stempeln genommen habe, nur kurz die Stanzen. Nr. 3<\/p>\n<p style=\"text-align: center;\">\n<p>&nbsp;<\/p>\n<p style=\"text-align: center;\">Gebraucht die Verf\u00e4rbung tut dem neuen abdruck nichts. Das bleibt nicht aus. Wie du ja siehst Stanzformen+Stempelset. Holst du es ab dann geht der Versand noch runter ;0). Nr. 4<\/p>\n<p style=\"text-align: center;\">\u00a0Nr.6<\/p>\n<p style=\"text-align: center;\">\n<p style=\"text-align: center;\">Hier kannst du deine eigenen Weinachtskugeln herstellen. Dieses Produktpaket ist fast wie neu. Muss ich erw\u00e4hnen, den ich habe den ein Stempel auseinander geschnitten, weil ich das Weihnachtsfest klasse fand. Hab nur einmal mit gestempelt. Macht dir aber keine Probleme, da du es sch\u00f6n untereinander setzen kannst.<\/p>\n<p style=\"text-align: center;\">Freue mich einfach, wenn alle Produkte hier ein neues zu Hause bekommen und nicht nur in den Regalen stehen. Das ist hier ein tolles sch\u00f6nes Set.Wurde auch nicht viel benutzt und sucht ein liebes Zuhause ;0). Nr. 8<\/p>\n<p style=\"text-align: center;\">\n<p style=\"text-align: center;\">\n<p style=\"text-align: center;\">Dieses Produktpaket ist f\u00fcr Fr\u00fchjahr, Sommer, Herbst und Winter. Also f\u00fcrs ganze Jahr einsetzbar. Die bestickten Stanzformen sowie das Stempelset sind vielsetig. Habe auch verpackungen mit hergestellt. Nr. 9<\/p>\n<p style=\"text-align: center;\">\n<p style=\"text-align: center;\">Gebraucht, ein muss wenn man Rosen marg. Nr. 10<\/p>\n<p style=\"text-align: center;\">Ich denke man kann alles gut erkennen und wenn du Fragen hast, dann stell sie mir bevor du es kaufst. Da ich es nicht zur\u00fccknehme. Sie sind alle g\u00fcnstig abzugeben und freue mich wenn jemand Spa\u00df an den Rarit\u00e4ten hat. Im vorraus vielen dank. Melde dich gerne \u00fcber Instagram, Mail oder gerne auch \u00fcber WhatsApp die meine Nummer haben.<\/p>\n<p style=\"text-align: center;\">Viel Spa\u00df!<\/p>\n<p style=\"text-align: center;\">Herzliche Gr\u00fc\u00dfe<\/p>\n<p style=\"text-align: center;\"><img loading=\"lazy\" decoding=\"async\" class=\"alignnone size-thumbnail wp-image-2359\" src=\"https:\/\/elasstempelblume.de\/wp-content\/uploads\/2022\/01\/56ba286d87898eaabfa9697a715c18df-150x150.jpg\" alt=\"\" width=\"150\" height=\"150\" srcset=\"https:\/\/elasstempelblume.de\/wp-content\/uploads\/2022\/01\/56ba286d87898eaabfa9697a715c18df-150x150.jpg 150w, https:\/\/elasstempelblume.de\/wp-content\/uploads\/2022\/01\/56ba286d87898eaabfa9697a715c18df-300x300.jpg 300w, https:\/\/elasstempelblume.de\/wp-content\/uploads\/2022\/01\/56ba286d87898eaabfa9697a715c18df.jpg 400w\" sizes=\"auto, (max-width: 150px) 100vw, 150px\" \/><\/p>\n<p>&nbsp;<\/p>\n","protected":false},"excerpt":{"rendered":"<p>Zurzeit keine Produkte in meinem Flohmarkt. Hall\u00f6chen und mal schnell eine Erkl\u00e4rung, wie das hier funktioniert. Aktualisierung: Einige auf dem Bild oben schon weg :0). Da ich immer mal wieder platz brauche, verkaufe ich ab und zu mal einige Sch\u00e4tze. Sonst wird es mir zu viel und ich besitze nur ein kleines Zimmer. Versende nur in Deutschland. Meistens \u00fcbernehme ich die Versandkosten, solltest du in meiner N\u00e4he wohnen, ziehe ich die Versandkosten nat\u00fcrlich ab. Beispiel&#8230;es kostet 45\u20ac und du holst es ab, dann zahlst du 41\u20ac. Nur mal so&#8230;.das du Bescheid weisst. Lege oder gebe dir immer eine Quittung dazu.&hellip;<\/p>\n","protected":false},"author":1,"featured_media":0,"parent":0,"menu_order":0,"comment_status":"closed","ping_status":"closed","template":"","meta":{"footnotes":""},"class_list":["post-2564","page","type-page","status-publish","hentry"],"_links":{"self":[{"href":"https:\/\/elasstempelblume.de\/index.php\/wp-json\/wp\/v2\/pages\/2564","targetHints":{"allow":["GET"]}}],"collection":[{"href":"https:\/\/elasstempelblume.de\/index.php\/wp-json\/wp\/v2\/pages"}],"about":[{"href":"https:\/\/elasstempelblume.de\/index.php\/wp-json\/wp\/v2\/types\/page"}],"author":[{"embeddable":true,"href":"https:\/\/elasstempelblume.de\/index.php\/wp-json\/wp\/v2\/users\/1"}],"replies":[{"embeddable":true,"href":"https:\/\/elasstempelblume.de\/index.php\/wp-json\/wp\/v2\/comments?post=2564"}],"version-history":[{"count":7,"href":"https:\/\/elasstempelblume.de\/index.php\/wp-json\/wp\/v2\/pages\/2564\/revisions"}],"predecessor-version":[{"id":3981,"href":"https:\/\/elasstempelblume.de\/index.php\/wp-json\/wp\/v2\/pages\/2564\/revisions\/3981"}],"wp:attachment":[{"href":"https:\/\/elasstempelblume.de\/index.php\/wp-json\/wp\/v2\/media?parent=2564"}],"curies":[{"name":"wp","href":"https:\/\/api.w.org\/{rel}","templated":true}]}}