{"id":43,"date":"2018-09-07T22:21:01","date_gmt":"2018-09-07T20:21:01","guid":{"rendered":"http:\/\/elasstempelblume.de\/?page_id=43"},"modified":"2019-12-30T09:51:47","modified_gmt":"2019-12-30T08:51:47","slug":"per-post","status":"publish","type":"page","link":"https:\/\/elasstempelblume.de\/index.php\/per-post\/","title":{"rendered":"per Post"},"content":{"rendered":"<p style=\"text-align: center;\"><span style=\"font-size: 14pt;\"><strong>Was heisst per Post Michaela?<\/strong><\/span><\/p>\n<p style=\"text-align: center;\"><span style=\"font-size: 14pt;\">Wenn du nicht an meinen Workshop teilnehmen kannst, aus was f\u00fcr Gr\u00fcnden auch immer. Darfst du mich jederzeit gerne anschreiben und dir mein Workshop per Post bestellen. Das heisst wenn dich ein Projekt intressiert, was ich mit meinen G\u00e4sten arbeiten werde, bekommst du die Bastelmaterialien und das Goodie von mir zugesendet. Ich dachte mir,das es f\u00fcr jeden interressant w\u00e4re, der auch nicht alles hat von SU. So f\u00e4llt es dir vielleicht leichter (Lieb\u00e4ugelst du schon l\u00e4nger mit dem Set!!!), eine Entscheidung zu treffen es dir zu holen oder sagst &#8222;nein&#8220; das brauch ich garnicht.<\/span><\/p>\n<p style=\"text-align: center;\"><span style=\"font-size: 14pt;\"><strong>Wo finde ich deine Mail oder Telefon?<\/strong><\/span><\/p>\n<p style=\"text-align: center;\"><span style=\"font-size: 14pt;\">Tschau auf meine Hauptseite rechts unter mein Bild, da findest du alles.<\/span><\/p>\n<p style=\"text-align: center;\"><span style=\"font-size: 14pt;\"><strong>Kann ich alle Projekte in deinen Workshop bestellen?<\/strong><\/span><\/p>\n<p style=\"text-align: center;\"><span style=\"font-size: 14pt;\">Leider nicht, denn einige sind so aufwendig&#8230;da ich keine m\u00f6glichkeit habe immer eine Anleitung zu schreiben. Beste Beispiel meine Ribbarahmen zu Weihnachten. Ich hoffe das kannst du verstehen bitte!!!<\/span><\/p>\n<p style=\"text-align: center;\"><span style=\"font-size: 14pt;\"><strong>Wie erfahre ich welcher Workshop per Post ist?<\/strong><\/span><\/p>\n<p style=\"text-align: center;\"><span style=\"font-size: 14pt;\">Tschau einfach immer mal nach oder gib Workshop ein, dann m\u00fcssten alle Beitr\u00e4ge dazu auf gehen und wenn dir was gef\u00e4llt, melde dich gern bei mir.<\/span><\/p>\n<p style=\"text-align: center;\"><span style=\"font-size: 14pt;\">Ich w\u00fcnsche dir viel Spa\u00df auf meinem Blog und freue mich \u00fcber eine Mail von dir.<\/span><\/p>\n<p style=\"text-align: center;\">\n","protected":false},"excerpt":{"rendered":"<p>Was heisst per Post Michaela? Wenn du nicht an meinen Workshop teilnehmen kannst, aus was f\u00fcr Gr\u00fcnden auch immer. Darfst du mich jederzeit gerne anschreiben und dir mein Workshop per Post bestellen. Das heisst wenn dich ein Projekt intressiert, was ich mit meinen G\u00e4sten arbeiten werde, bekommst du die Bastelmaterialien und das Goodie von mir zugesendet. Ich dachte mir,das es f\u00fcr jeden interressant w\u00e4re, der auch nicht alles hat von SU. So f\u00e4llt es dir vielleicht leichter (Lieb\u00e4ugelst du schon l\u00e4nger mit dem Set!!!), eine Entscheidung zu treffen es dir zu holen oder sagst &#8222;nein&#8220; das brauch ich garnicht. Wo&hellip;<\/p>\n","protected":false},"author":1,"featured_media":0,"parent":0,"menu_order":0,"comment_status":"closed","ping_status":"closed","template":"","meta":{"footnotes":""},"class_list":["post-43","page","type-page","status-publish","hentry"],"_links":{"self":[{"href":"https:\/\/elasstempelblume.de\/index.php\/wp-json\/wp\/v2\/pages\/43","targetHints":{"allow":["GET"]}}],"collection":[{"href":"https:\/\/elasstempelblume.de\/index.php\/wp-json\/wp\/v2\/pages"}],"about":[{"href":"https:\/\/elasstempelblume.de\/index.php\/wp-json\/wp\/v2\/types\/page"}],"author":[{"embeddable":true,"href":"https:\/\/elasstempelblume.de\/index.php\/wp-json\/wp\/v2\/users\/1"}],"replies":[{"embeddable":true,"href":"https:\/\/elasstempelblume.de\/index.php\/wp-json\/wp\/v2\/comments?post=43"}],"version-history":[{"count":5,"href":"https:\/\/elasstempelblume.de\/index.php\/wp-json\/wp\/v2\/pages\/43\/revisions"}],"predecessor-version":[{"id":890,"href":"https:\/\/elasstempelblume.de\/index.php\/wp-json\/wp\/v2\/pages\/43\/revisions\/890"}],"wp:attachment":[{"href":"https:\/\/elasstempelblume.de\/index.php\/wp-json\/wp\/v2\/media?parent=43"}],"curies":[{"name":"wp","href":"https:\/\/api.w.org\/{rel}","templated":true}]}}