{"id":47,"date":"2018-09-07T22:22:05","date_gmt":"2018-09-07T20:22:05","guid":{"rendered":"http:\/\/elasstempelblume.de\/?page_id=47"},"modified":"2025-08-23T07:24:32","modified_gmt":"2025-08-23T06:24:32","slug":"explosionsboxen","status":"publish","type":"page","link":"https:\/\/elasstempelblume.de\/index.php\/explosionsboxen\/","title":{"rendered":"Explosionsboxen"},"content":{"rendered":"<hr \/>\n<p style=\"text-align: center;\"><span style=\"font-size: 18pt; font-family: comic sans ms, sans-serif; color: #99cc00;\"><strong>Hier im \u00dcberblick und als Bildergalerie meine<\/strong> Explosionsboxen<\/span><\/p>\n<hr \/>\n<p style=\"text-align: center;\"><span style=\"font-size: 14pt;\">Nenne mir einfach die Nummer der Box in deiner Mail, die du gerne als Auftrag h\u00e4ttest. Wichtig ist auch der Anlass, Farbe, Gro\u00df oder Klein. Aber vielleicht hast du auch ein Motto f\u00fcr mich, was dem jenigen gef\u00e4llt und ich setzte es gerne in einer Explosionsbox um. Viel Spa\u00df beim st\u00f6bern!<\/span><\/p>\n<p style=\"text-align: center;\"><span style=\"font-size: 14pt;\">Das sind hier nur wenige die ich hier Zeige, einfach nur damit du mal die unterschiede sehen kannst von den Preisen her.\u00a0<\/span><\/p>\n<p style=\"text-align: center;\"><img class=\"alignnone size-thumbnail wp-image-176\" alt=\"\" \/><img class=\"alignnone size-thumbnail wp-image-176\" alt=\"\" \/><\/p>\n\n\t\t<style type=\"text\/css\">\n\t\t\t#gallery-1 {\n\t\t\t\tmargin: auto;\n\t\t\t}\n\t\t\t#gallery-1 .gallery-item {\n\t\t\t\tfloat: left;\n\t\t\t\tmargin-top: 10px;\n\t\t\t\ttext-align: center;\n\t\t\t\twidth: 33%;\n\t\t\t}\n\t\t\t#gallery-1 img {\n\t\t\t\tborder: 2px solid #cfcfcf;\n\t\t\t}\n\t\t\t#gallery-1 .gallery-caption {\n\t\t\t\tmargin-left: 0;\n\t\t\t}\n\t\t\t\/* see gallery_shortcode() in wp-includes\/media.php *\/\n\t\t<\/style>\n\t\t<div id='gallery-1' class='gallery galleryid-47 gallery-columns-3 gallery-size-medium'><dl class='gallery-item'>\n\t\t\t<dt class='gallery-icon '>\n\t\t\t\t<a\nrel=\"prettyPhoto[slides]\" href='https:\/\/elasstempelblume.de\/index.php\/explosionsboxen\/explosionsbox-gutschein\/'>explosionsbox gutschein<\/a>\n\t\t\t<\/dt>\n\t\t\t\t<dd class='wp-caption-text gallery-caption' id='gallery-1-173'>\n\t\t\t\t1. Explosionsbox XL 10cm x 16cm\n\t\t\t\t<\/dd><\/dl><dl class='gallery-item'>\n\t\t\t<dt class='gallery-icon '>\n\t\t\t\t<a\nrel=\"prettyPhoto[slides]\" href='https:\/\/elasstempelblume.de\/index.php\/explosionsboxen\/explosionsbox-gutschein2\/'>explosionsbox gutschein2<\/a>\n\t\t\t<\/dt>\n\t\t\t\t<dd class='wp-caption-text gallery-caption' id='gallery-1-174'>\n\t\t\t\t1. Explosionsbox ( GUtschein f\u00fcr ein M\u00f6belhaus ab.30\n\t\t\t\t<\/dd><\/dl><dl class='gallery-item'>\n\t\t\t<dt class='gallery-icon '>\n\t\t\t\t<a\nrel=\"prettyPhoto[slides]\" href='https:\/\/elasstempelblume.de\/index.php\/explosionsboxen\/explosionsbox-kuh1\/'>Elasstempelblume , Explosionsbox , Motto Kuh<\/a>\n\t\t\t<\/dt><\/dl><br style=\"clear: both\" \/><dl class='gallery-item'>\n\t\t\t<dt class='gallery-icon '>\n\t\t\t\t<a\nrel=\"prettyPhoto[slides]\" href='https:\/\/elasstempelblume.de\/index.php\/explosionsboxen\/explosionsbox-kuh\/'>Elasstempelblume , Explosionsbox , Motto  Kuh<\/a>\n\t\t\t<\/dt>\n\t\t\t\t<dd class='wp-caption-text gallery-caption' id='gallery-1-175'>\n\t\t\t\t2. Explosionsbox (zum runden Geburtstag)\n\t\t\t\t<\/dd><\/dl><dl class='gallery-item'>\n\t\t\t<dt class='gallery-icon '>\n\t\t\t\t<a\nrel=\"prettyPhoto[slides]\" href='https:\/\/elasstempelblume.de\/index.php\/explosionsboxen\/explosionsbox-zaubern\/'>Elasstempelblume,Explosionsbox zaubern<\/a>\n\t\t\t<\/dt>\n\t\t\t\t<dd class='wp-caption-text gallery-caption' id='gallery-1-177'>\n\t\t\t\t3.Explosionsbox (zum Geburtstag f\u00fcr ein zauberer) 10,5cm x8,3cm\n\t\t\t\t<\/dd><\/dl><dl class='gallery-item'>\n\t\t\t<dt class='gallery-icon '>\n\t\t\t\t<a\nrel=\"prettyPhoto[slides]\" href='https:\/\/elasstempelblume.de\/index.php\/explosionsboxen\/explosionsbox-zaubern1\/'>Elasstempelblume , Explosionsbox ,Motto Zaubern<\/a>\n\t\t\t<\/dt>\n\t\t\t\t<dd class='wp-caption-text gallery-caption' id='gallery-1-178'>\n\t\t\t\t3.Explosionsbox ab 16\n\t\t\t\t<\/dd><\/dl><br style=\"clear: both\" \/><dl class='gallery-item'>\n\t\t\t<dt class='gallery-icon '>\n\t\t\t\t<a\nrel=\"prettyPhoto[slides]\" href='https:\/\/elasstempelblume.de\/index.php\/explosionsboxen\/image-2-300x300\/'>Elasstempelblume , Explosionsbox ,Motto<\/a>\n\t\t\t<\/dt>\n\t\t\t\t<dd class='wp-caption-text gallery-caption' id='gallery-1-180'>\n\t\t\t\t4.Zus\u00e4tzliche Karte zum Aufklappen angebracht.\n\t\t\t\t<\/dd><\/dl><dl class='gallery-item'>\n\t\t\t<dt class='gallery-icon '>\n\t\t\t\t<a\nrel=\"prettyPhoto[slides]\" href='https:\/\/elasstempelblume.de\/index.php\/explosionsboxen\/image-1-300x300\/'>Elasstempelblume , Explosionsbox ,Motto<\/a>\n\t\t\t<\/dt>\n\t\t\t\t<dd class='wp-caption-text gallery-caption' id='gallery-1-179'>\n\t\t\t\t4.Explosionsbox ( Geld f\u00fcr eine H\u00e4ngematte wurde gew\u00fcnscht) 10,5cm x 10,5cm Box\n\t\t\t\t<\/dd><\/dl><dl class='gallery-item'>\n\t\t\t<dt class='gallery-icon '>\n\t\t\t\t<a\nrel=\"prettyPhoto[slides]\" href='https:\/\/elasstempelblume.de\/index.php\/explosionsboxen\/image-3-300x300\/'>Elasstempelblume , Explosionsbox ,Motto , Mann<\/a>\n\t\t\t<\/dt>\n\t\t\t\t<dd class='wp-caption-text gallery-caption' id='gallery-1-181'>\n\t\t\t\t4.Prunkvoll auch von aussen. Ab 30\n\t\t\t\t<\/dd><\/dl><br style=\"clear: both\" \/><dl class='gallery-item'>\n\t\t\t<dt class='gallery-icon '>\n\t\t\t\t<a\nrel=\"prettyPhoto[slides]\" href='https:\/\/elasstempelblume.de\/index.php\/explosionsboxen\/image-4-300x300\/'>Elasstempelblume , Explosionsbox mit vier Mottos<\/a>\n\t\t\t<\/dt>\n\t\t\t\t<dd class='wp-caption-text gallery-caption' id='gallery-1-182'>\n\t\t\t\t5. Explosionsbox XXXL mit vier Mottos. Silberhochzeit.\n\t\t\t\t<\/dd><\/dl><dl class='gallery-item'>\n\t\t\t<dt class='gallery-icon '>\n\t\t\t\t<a\nrel=\"prettyPhoto[slides]\" href='https:\/\/elasstempelblume.de\/index.php\/explosionsboxen\/image-5-300x300\/'>Elasstempelblume ,Explosionsbox , vier Mottos<\/a>\n\t\t\t<\/dt>\n\t\t\t\t<dd class='wp-caption-text gallery-caption' id='gallery-1-183'>\n\t\t\t\t5. Mit vielen Details\n\t\t\t\t<\/dd><\/dl><dl class='gallery-item'>\n\t\t\t<dt class='gallery-icon '>\n\t\t\t\t<a\nrel=\"prettyPhoto[slides]\" href='https:\/\/elasstempelblume.de\/index.php\/explosionsboxen\/image-6-300x300\/'>Elasstempelblume , Explosionsbox mit vier Mottos<\/a>\n\t\t\t<\/dt>\n\t\t\t\t<dd class='wp-caption-text gallery-caption' id='gallery-1-185'>\n\t\t\t\t5. Aufklappbare Karte mit eingearbeitet. Ab 50\n\t\t\t\t<\/dd><\/dl><br style=\"clear: both\" \/><dl class='gallery-item'>\n\t\t\t<dt class='gallery-icon '>\n\t\t\t\t<a\nrel=\"prettyPhoto[slides]\" href='https:\/\/elasstempelblume.de\/index.php\/explosionsboxen\/image-6-225x300\/'>Elasstempelblume ,Explosionsbox , Geburtstag<\/a>\n\t\t\t<\/dt>\n\t\t\t\t<dd class='wp-caption-text gallery-caption' id='gallery-1-184'>\n\t\t\t\t6.Explosionsbox zum Geburtstag (Kindergarten und eine M\u00e4usengruppe) Ab 20\n\t\t\t\t<\/dd><\/dl><dl class='gallery-item'>\n\t\t\t<dt class='gallery-icon '>\n\t\t\t\t<a\nrel=\"prettyPhoto[slides]\" href='https:\/\/elasstempelblume.de\/index.php\/explosionsboxen\/image-7-225x300\/'>Elasstempelblume ,Geburtstag mit Motto<\/a>\n\t\t\t<\/dt>\n\t\t\t\t<dd class='wp-caption-text gallery-caption' id='gallery-1-186'>\n\t\t\t\t6.Explosionsbox \n\t\t\t\t<\/dd><\/dl><dl class='gallery-item'>\n\t\t\t<dt class='gallery-icon '>\n\t\t\t\t<a\nrel=\"prettyPhoto[slides]\" href='https:\/\/elasstempelblume.de\/index.php\/explosionsboxen\/image-9-1024x1024\/'>Elasstempelblume , Explosionsbox , Motto Abi<\/a>\n\t\t\t<\/dt>\n\t\t\t\t<dd class='wp-caption-text gallery-caption' id='gallery-1-189'>\n\t\t\t\t7.Explosionsbox Abitur Mann mit Zierschachtel im inneren f\u00fcr Geld.\n\t\t\t\t<\/dd><\/dl><br style=\"clear: both\" \/><dl class='gallery-item'>\n\t\t\t<dt class='gallery-icon '>\n\t\t\t\t<a\nrel=\"prettyPhoto[slides]\" href='https:\/\/elasstempelblume.de\/index.php\/explosionsboxen\/image-10-1024x1024\/'>Elasstempelblume , Explosionsbox ,Abi<\/a>\n\t\t\t<\/dt>\n\t\t\t\t<dd class='wp-caption-text gallery-caption' id='gallery-1-190'>\n\t\t\t\t7.Explosionsbox Abitur, M\u00e4dchen\/Frau ab 22\n\t\t\t\t<\/dd><\/dl><dl class='gallery-item'>\n\t\t\t<dt class='gallery-icon '>\n\t\t\t\t<a\nrel=\"prettyPhoto[slides]\" href='https:\/\/elasstempelblume.de\/index.php\/explosionsboxen\/image-13-225x300\/'>Elasstempelblume , Explosionsbox Hochzeit<\/a>\n\t\t\t<\/dt>\n\t\t\t\t<dd class='wp-caption-text gallery-caption' id='gallery-1-192'>\n\t\t\t\t8.Explosionsbox zur Hochzeit (10,5cm x 10,5cm)\n\t\t\t\t<\/dd><\/dl><dl class='gallery-item'>\n\t\t\t<dt class='gallery-icon '>\n\t\t\t\t<a\nrel=\"prettyPhoto[slides]\" href='https:\/\/elasstempelblume.de\/index.php\/explosionsboxen\/image-12-300x225\/'>Elasstempelblume ,Explosionsbox  Hochzeit<\/a>\n\t\t\t<\/dt>\n\t\t\t\t<dd class='wp-caption-text gallery-caption' id='gallery-1-191'>\n\t\t\t\tMit doppel Karte im inneren, Puzzle (Datum drauf) und Zierschachtel f\u00fcr Geld. ab 30\n\t\t\t\t<\/dd><\/dl><br style=\"clear: both\" \/><dl class='gallery-item'>\n\t\t\t<dt class='gallery-icon '>\n\t\t\t\t<a\nrel=\"prettyPhoto[slides]\" href='https:\/\/elasstempelblume.de\/index.php\/explosionsboxen\/image-19-300x300\/'>Elasstempelblume ,Explosionsbox Junge<\/a>\n\t\t\t<\/dt>\n\t\t\t\t<dd class='wp-caption-text gallery-caption' id='gallery-1-193'>\n\t\t\t\t8.Explosionsbox zum Geburtstag (Junge). 8,3cm x 10,5cm hoch. Ab 20\n\t\t\t\t<\/dd><\/dl><dl class='gallery-item'>\n\t\t\t<dt class='gallery-icon '>\n\t\t\t\t<a\nrel=\"prettyPhoto[slides]\" href='https:\/\/elasstempelblume.de\/index.php\/explosionsboxen\/image-300x300\/'>Elasstempelblume ,Explosionsbox Mann<\/a>\n\t\t\t<\/dt>\n\t\t\t\t<dd class='wp-caption-text gallery-caption' id='gallery-1-194'>\n\t\t\t\t9.Explosionsbox zum Geburtstag( liebt die Natur, Fahrrad und Motorrad. Ab 23 . Box 10,5 cm x 10,5\n\t\t\t\t<\/dd><\/dl><dl class='gallery-item'>\n\t\t\t<dt class='gallery-icon '>\n\t\t\t\t<a\nrel=\"prettyPhoto[slides]\" href='https:\/\/elasstempelblume.de\/index.php\/explosionsboxen\/jubilaeums-explosionsbox\/'>Jubil\u00e4ums Explosionsbox<\/a>\n\t\t\t<\/dt>\n\t\t\t\t<dd class='wp-caption-text gallery-caption' id='gallery-1-195'>\n\t\t\t\t10.Explosionsbox zum Ruhestand. 10,5cm x 10,5cm, ab 25\n\t\t\t\t<\/dd><\/dl><br style=\"clear: both\" \/>\n\t\t<\/div>\n\n\n\t\t<style type=\"text\/css\">\n\t\t\t#gallery-2 {\n\t\t\t\tmargin: auto;\n\t\t\t}\n\t\t\t#gallery-2 .gallery-item {\n\t\t\t\tfloat: left;\n\t\t\t\tmargin-top: 10px;\n\t\t\t\ttext-align: center;\n\t\t\t\twidth: 33%;\n\t\t\t}\n\t\t\t#gallery-2 img {\n\t\t\t\tborder: 2px solid #cfcfcf;\n\t\t\t}\n\t\t\t#gallery-2 .gallery-caption {\n\t\t\t\tmargin-left: 0;\n\t\t\t}\n\t\t\t\/* see gallery_shortcode() in wp-includes\/media.php *\/\n\t\t<\/style>\n\t\t<div id='gallery-2' class='gallery galleryid-47 gallery-columns-3 gallery-size-thumbnail'><dl class='gallery-item'>\n\t\t\t<dt class='gallery-icon '>\n\t\t\t\t<a\nrel=\"prettyPhoto[slides]\" href='https:\/\/elasstempelblume.de\/image-139\/'>Elasstempelblume , Explosionsbox, zwei Mottos<\/a>\n\t\t\t<\/dt>\n\t\t\t\t<dd class='wp-caption-text gallery-caption' id='gallery-2-616'>\n\t\t\t\tHier eine Hochzeitsbox mit zwei Mottos, Motorrad\/ Apothekerin. 10,5cm x 18cm\nAb 35\n\t\t\t\t<\/dd><\/dl><dl class='gallery-item'>\n\t\t\t<dt class='gallery-icon '>\n\t\t\t\t<a\nrel=\"prettyPhoto[slides]\" href='https:\/\/elasstempelblume.de\/index.php\/explosionsbox-silberhochzeit\/2019\/09\/12\/image-130\/'>Elasstempelblume ,Explosionsbox, Silberhochzeit<\/a>\n\t\t\t<\/dt>\n\t\t\t\t<dd class='wp-caption-text gallery-caption' id='gallery-2-596'>\n\t\t\t\tExplosionsbox zur Silberhochzeit, 10,5&#215;10,5cm. Zwei Boxen in einer. Ab 36\n\t\t\t\t<\/dd><\/dl><dl class='gallery-item'>\n\t\t\t<dt class='gallery-icon '>\n\t\t\t\t<a\nrel=\"prettyPhoto[slides]\" href='https:\/\/elasstempelblume.de\/index.php\/explosionsbox-silberhochzeit\/2019\/09\/12\/image-132\/'>Elasstempelblume ,Explosionsbox, Silberhochzeit<\/a>\n\t\t\t<\/dt>\n\t\t\t\t<dd class='wp-caption-text gallery-caption' id='gallery-2-598'>\n\t\t\t\tTeelicht, zwei K\u00fcssende V\u00f6gelchen. Doppelt und zus\u00e4tzliche Aufklappkarte mit Namen.\n\t\t\t\t<\/dd><\/dl><br style=\"clear: both\" \/>\n\t\t<\/div>\n\n<p>&nbsp;<\/p>\n<p style=\"text-align: center;\">Herzliche Gr\u00fc\u00dfe<\/p>\n<p style=\"text-align: center;\"><img loading=\"lazy\" decoding=\"async\" class=\"aligncenter size-full wp-image-164\" src=\"https:\/\/elasstempelblume.de\/wp-content\/uploads\/2018\/12\/vllt-neues-herz.jpg\" alt=\"\" width=\"120\" height=\"120\" \/><img class=\"alignnone size-thumbnail wp-image-176\" alt=\"\" \/><\/p>\n","protected":false},"excerpt":{"rendered":"<p>Hier im \u00dcberblick und als Bildergalerie meine Explosionsboxen Nenne mir einfach die Nummer der Box in deiner Mail, die du gerne als Auftrag h\u00e4ttest. Wichtig ist auch der Anlass, Farbe, Gro\u00df oder Klein. Aber vielleicht hast du auch ein Motto f\u00fcr mich, was dem jenigen gef\u00e4llt und ich setzte es gerne in einer Explosionsbox um. Viel Spa\u00df beim st\u00f6bern! Das sind hier nur wenige die ich hier Zeige, einfach nur damit du mal die unterschiede sehen kannst von den Preisen her.\u00a0   &nbsp; Herzliche Gr\u00fc\u00dfe<\/p>\n","protected":false},"author":1,"featured_media":0,"parent":0,"menu_order":0,"comment_status":"closed","ping_status":"closed","template":"","meta":{"footnotes":""},"class_list":["post-47","page","type-page","status-publish","hentry"],"_links":{"self":[{"href":"https:\/\/elasstempelblume.de\/index.php\/wp-json\/wp\/v2\/pages\/47","targetHints":{"allow":["GET"]}}],"collection":[{"href":"https:\/\/elasstempelblume.de\/index.php\/wp-json\/wp\/v2\/pages"}],"about":[{"href":"https:\/\/elasstempelblume.de\/index.php\/wp-json\/wp\/v2\/types\/page"}],"author":[{"embeddable":true,"href":"https:\/\/elasstempelblume.de\/index.php\/wp-json\/wp\/v2\/users\/1"}],"replies":[{"embeddable":true,"href":"https:\/\/elasstempelblume.de\/index.php\/wp-json\/wp\/v2\/comments?post=47"}],"version-history":[{"count":11,"href":"https:\/\/elasstempelblume.de\/index.php\/wp-json\/wp\/v2\/pages\/47\/revisions"}],"predecessor-version":[{"id":3980,"href":"https:\/\/elasstempelblume.de\/index.php\/wp-json\/wp\/v2\/pages\/47\/revisions\/3980"}],"wp:attachment":[{"href":"https:\/\/elasstempelblume.de\/index.php\/wp-json\/wp\/v2\/media?parent=47"}],"curies":[{"name":"wp","href":"https:\/\/api.w.org\/{rel}","templated":true}]}}