{"id":70,"date":"2018-09-07T22:56:27","date_gmt":"2018-09-07T20:56:27","guid":{"rendered":"http:\/\/elasstempelblume.de\/?page_id=70"},"modified":"2026-05-06T19:44:36","modified_gmt":"2026-05-06T18:44:36","slug":"stampin-up-kataloge","status":"publish","type":"page","link":"https:\/\/elasstempelblume.de\/index.php\/stampin-up-kataloge\/","title":{"rendered":"Stampin\u2018Up! Kataloge, zum Download"},"content":{"rendered":"<p style=\"text-align: center;\"><b>Jahreskatalog 2025-2026<\/b><\/p>\n<p style=\"text-align: center;\">G\u00fcltigkeitszeitraum vom 06. Mai 2025- Mai. 2026<\/p>\n<p style=\"text-align: center;\">Geh einfach auf den Katalog zum \u00f6ffnen.<\/p>\n<p style=\"text-align: center;\"><a href=\"https:\/\/issuu.com\/stampinup\/docs\/jahreskatalog_2025-2026_de?fr=xKAE9_zU1NQ\"><img loading=\"lazy\" decoding=\"async\" class=\"alignnone wp-image-3921 size-large\" src=\"https:\/\/elasstempelblume.de\/wp-content\/uploads\/2025\/05\/20250505_220808-788x1024.jpg\" alt=\"\" width=\"640\" height=\"832\" \/><\/a><\/p>\n<p style=\"text-align: center;\">Endlich d\u00fcrfen alle drau\u00df bestellen. Viel Spa\u00df beim st\u00f6bern!<\/p>\n<p style=\"text-align: center;\">Neue, neu, neu&#8230;<\/p>\n<p style=\"text-align: center;\"><strong>Neue Kategorie &#8220; Produkt des Monats&#8220; <\/strong><\/p>\n<p style=\"text-align: center;\">Jeden Monat gibt es ein Produkt, das du so nicht kaufen kannst aber mit deiner Bestellung ab 90\u20ac = f\u00fcr 6.00\u20ac dazu f\u00fcgen kannst. Diesen Monat Januar ist es das Stempelset Wunderbar gesagt. Das \u00e4ndert sich immer, wie dir ja die \u00dcberschrift schon sagt.<\/p>\n<p style=\"text-align: center;\">Hast du Fragen dazu, dann scheib mir gern \u00fcber Insta oder Facebook. Kannst auch gern ein Kommentar hinterlassen wenn du magst.<\/p>\n<p style=\"text-align: center;\"><strong>&#8222;Letzte Chance&#8220;\u00a0<\/strong><\/p>\n<p style=\"text-align: center;\">Vielleicht hast du es ja auch schon mitbekommen. Da bekommst du Produkte die aus den Mini-Katalog und Jahreskatalag gehen. Und unter Letzte Chance kannst du sie dir noch bestellen solange der Vorrat reicht.<\/p>\n<p style=\"text-align: center;\"><strong>&#8222;Exklusiv-Online&#8220;\u00a0<\/strong><\/p>\n<p style=\"text-align: center;\">Das heisst die Produkte kannst du nur Online anschauen und nicht in den Katalogen.\u00a0<strong>Daher lege ich dir ganz dolle ans Herz, schau unbedingt immer in mein Online-Shop damit du nichts verpasst. Es sind sooo tolle Sachen, die gesehen werden m\u00fcssen. Zwinker!\u00a0<\/strong><\/p>\n<p style=\"text-align: center;\">Wenn du Fragen dazu hast, melde dich gern bei mir, denn ich helfe dir gern weiter. Also nicht vergessen im Online-Shop unter den Rubriken zu st\u00f6bern. Es sind soooo tolle nfue Produkte da, <strong>zwinker!<\/strong><\/p>\n<p>&nbsp;<\/p>\n<p style=\"text-align: center;\"><strong>Mini-Katalog\u00a0<\/strong><\/p>\n<p style=\"text-align: center;\">5.Mai &#8211; 31. August<\/p>\n<p style=\"text-align: center;\"><a href=\"https:\/\/issuu.com\/stampinup\/docs\/katalog_mai_august_2026_de?fr=xKAE9_zU1NQ\"><img loading=\"lazy\" decoding=\"async\" class=\"alignnone size-medium wp-image-4140\" src=\"https:\/\/elasstempelblume.de\/wp-content\/uploads\/2026\/05\/Picsart_26-05-06_19-43-16-504-300x300.jpg\" alt=\"\" width=\"300\" height=\"300\" srcset=\"https:\/\/elasstempelblume.de\/wp-content\/uploads\/2026\/05\/Picsart_26-05-06_19-43-16-504-300x300.jpg 300w, https:\/\/elasstempelblume.de\/wp-content\/uploads\/2026\/05\/Picsart_26-05-06_19-43-16-504-1024x1024.jpg 1024w, https:\/\/elasstempelblume.de\/wp-content\/uploads\/2026\/05\/Picsart_26-05-06_19-43-16-504-150x150.jpg 150w, https:\/\/elasstempelblume.de\/wp-content\/uploads\/2026\/05\/Picsart_26-05-06_19-43-16-504-768x768.jpg 768w, https:\/\/elasstempelblume.de\/wp-content\/uploads\/2026\/05\/Picsart_26-05-06_19-43-16-504-400x400.jpg 400w, https:\/\/elasstempelblume.de\/wp-content\/uploads\/2026\/05\/Picsart_26-05-06_19-43-16-504-660x660.jpg 660w, https:\/\/elasstempelblume.de\/wp-content\/uploads\/2026\/05\/Picsart_26-05-06_19-43-16-504.jpg 1080w\" sizes=\"auto, (max-width: 300px) 100vw, 300px\" \/><\/a><\/p>\n<p style=\"text-align: center;\">\u00d6ffnet sich, wenn du das Bild mit der Maus ber\u00fchrst.<\/p>\n<p>&nbsp;<\/p>\n<p style=\"text-align: center;\">Viel Spa\u00df beim st\u00f6bern!<\/p>\n<p style=\"text-align: center;\"><img loading=\"lazy\" decoding=\"async\" class=\"alignnone size-thumbnail wp-image-2936\" src=\"https:\/\/elasstempelblume.de\/wp-content\/uploads\/2023\/03\/AREmoji_20220806_222953-150x150.jpg\" alt=\"\" width=\"150\" height=\"150\" srcset=\"https:\/\/elasstempelblume.de\/wp-content\/uploads\/2023\/03\/AREmoji_20220806_222953-150x150.jpg 150w, https:\/\/elasstempelblume.de\/wp-content\/uploads\/2023\/03\/AREmoji_20220806_222953-300x300.jpg 300w, https:\/\/elasstempelblume.de\/wp-content\/uploads\/2023\/03\/AREmoji_20220806_222953-1024x1024.jpg 1024w, https:\/\/elasstempelblume.de\/wp-content\/uploads\/2023\/03\/AREmoji_20220806_222953-768x768.jpg 768w, https:\/\/elasstempelblume.de\/wp-content\/uploads\/2023\/03\/AREmoji_20220806_222953-400x400.jpg 400w, https:\/\/elasstempelblume.de\/wp-content\/uploads\/2023\/03\/AREmoji_20220806_222953-660x660.jpg 660w, https:\/\/elasstempelblume.de\/wp-content\/uploads\/2023\/03\/AREmoji_20220806_222953.jpg 1078w\" sizes=\"auto, (max-width: 150px) 100vw, 150px\" \/><\/p>\n<p>&nbsp;<\/p>\n<p style=\"text-align: center;\">\n","protected":false},"excerpt":{"rendered":"<p>Jahreskatalog 2025-2026 G\u00fcltigkeitszeitraum vom 06. Mai 2025- Mai. 2026 Geh einfach auf den Katalog zum \u00f6ffnen. Endlich d\u00fcrfen alle drau\u00df bestellen. Viel Spa\u00df beim st\u00f6bern! Neue, neu, neu&#8230; Neue Kategorie &#8220; Produkt des Monats&#8220; Jeden Monat gibt es ein Produkt, das du so nicht kaufen kannst aber mit deiner Bestellung ab 90\u20ac = f\u00fcr 6.00\u20ac dazu f\u00fcgen kannst. Diesen Monat Januar ist es das Stempelset Wunderbar gesagt. Das \u00e4ndert sich immer, wie dir ja die \u00dcberschrift schon sagt. Hast du Fragen dazu, dann scheib mir gern \u00fcber Insta oder Facebook. Kannst auch gern ein Kommentar hinterlassen wenn du magst. &#8222;Letzte&hellip;<\/p>\n","protected":false},"author":1,"featured_media":0,"parent":0,"menu_order":0,"comment_status":"closed","ping_status":"closed","template":"","meta":{"footnotes":""},"class_list":["post-70","page","type-page","status-publish","hentry"],"_links":{"self":[{"href":"https:\/\/elasstempelblume.de\/index.php\/wp-json\/wp\/v2\/pages\/70","targetHints":{"allow":["GET"]}}],"collection":[{"href":"https:\/\/elasstempelblume.de\/index.php\/wp-json\/wp\/v2\/pages"}],"about":[{"href":"https:\/\/elasstempelblume.de\/index.php\/wp-json\/wp\/v2\/types\/page"}],"author":[{"embeddable":true,"href":"https:\/\/elasstempelblume.de\/index.php\/wp-json\/wp\/v2\/users\/1"}],"replies":[{"embeddable":true,"href":"https:\/\/elasstempelblume.de\/index.php\/wp-json\/wp\/v2\/comments?post=70"}],"version-history":[{"count":59,"href":"https:\/\/elasstempelblume.de\/index.php\/wp-json\/wp\/v2\/pages\/70\/revisions"}],"predecessor-version":[{"id":4141,"href":"https:\/\/elasstempelblume.de\/index.php\/wp-json\/wp\/v2\/pages\/70\/revisions\/4141"}],"wp:attachment":[{"href":"https:\/\/elasstempelblume.de\/index.php\/wp-json\/wp\/v2\/media?parent=70"}],"curies":[{"name":"wp","href":"https:\/\/api.w.org\/{rel}","templated":true}]}}